{"id":303,"date":"2015-10-06T13:54:27","date_gmt":"2015-10-06T11:54:27","guid":{"rendered":"https:\/\/tst.rkmzf.ch\/fr\/?page_id=303"},"modified":"2015-10-06T13:54:27","modified_gmt":"2015-10-06T11:54:27","slug":"organisations","status":"publish","type":"page","link":"https:\/\/tst.rkmzf.ch\/fr\/liens-interntet\/organisations\/","title":{"rendered":"Organisations"},"content":{"rendered":"<p><a href=\"http:\/\/sog.ch\/fr\/\">Soci\u00e9t\u00e9 Suisse des officiers<\/a><\/p>\n<p><a href=\"http:\/\/www.szsv-fspc.ch\/fr\/\">F\u00e9d\u00e9ration Suisse de la protection civile<\/a><\/p>\n<p><a href=\"http:\/\/www.swissfire.ch\/fr\/\">F\u00e9d\u00e9ration suisse des sapeurs-pompiers<\/a><\/p>\n<p>&nbsp;<\/p>\n","protected":false},"excerpt":{"rendered":"<p>Soci\u00e9t\u00e9 Suisse des officiers F\u00e9d\u00e9ration Suisse de la protection civile F\u00e9d\u00e9ration suisse des sapeurs-pompiers &nbsp;<\/p>\n","protected":false},"author":3,"featured_media":0,"parent":663,"menu_order":0,"comment_status":"open","ping_status":"open","template":"","meta":{"footnotes":""},"class_list":["post-303","page","type-page","status-publish","hentry"],"_links":{"self":[{"href":"https:\/\/tst.rkmzf.ch\/fr\/wp-json\/wp\/v2\/pages\/303","targetHints":{"allow":["GET"]}}],"collection":[{"href":"https:\/\/tst.rkmzf.ch\/fr\/wp-json\/wp\/v2\/pages"}],"about":[{"href":"https:\/\/tst.rkmzf.ch\/fr\/wp-json\/wp\/v2\/types\/page"}],"author":[{"embeddable":true,"href":"https:\/\/tst.rkmzf.ch\/fr\/wp-json\/wp\/v2\/users\/3"}],"replies":[{"embeddable":true,"href":"https:\/\/tst.rkmzf.ch\/fr\/wp-json\/wp\/v2\/comments?post=303"}],"version-history":[{"count":1,"href":"https:\/\/tst.rkmzf.ch\/fr\/wp-json\/wp\/v2\/pages\/303\/revisions"}],"predecessor-version":[{"id":304,"href":"https:\/\/tst.rkmzf.ch\/fr\/wp-json\/wp\/v2\/pages\/303\/revisions\/304"}],"up":[{"embeddable":true,"href":"https:\/\/tst.rkmzf.ch\/fr\/wp-json\/wp\/v2\/pages\/663"}],"wp:attachment":[{"href":"https:\/\/tst.rkmzf.ch\/fr\/wp-json\/wp\/v2\/media?parent=303"}],"curies":[{"name":"wp","href":"https:\/\/api.w.org\/{rel}","templated":true}]}}