{"id":605,"date":"2017-07-17T09:31:20","date_gmt":"2017-07-17T07:31:20","guid":{"rendered":"https:\/\/tst.rkmzf.ch\/fr\/?page_id=605"},"modified":"2017-10-02T14:57:29","modified_gmt":"2017-10-02T12:57:29","slug":"cantons","status":"publish","type":"page","link":"https:\/\/tst.rkmzf.ch\/fr\/liens-interntet\/cantons\/","title":{"rendered":"Cantons"},"content":{"rendered":"<p><strong>Association Suisse des Commandants d&rsquo;arrondissements militaires<\/strong><\/p>\n<p>http:\/\/www.kreiskommandant.ch\/fr<\/p>\n<p>&nbsp;<\/p>\n<p><strong>Services cantonaux des affaires militaires de la protection de la Population et de la protection civile<\/strong><\/p>\n<p><span style=\"color: #0066cc;\"><a href=\"https:\/\/www.ag.ch\/de\/dgs\/militaerbevoelkerungsschutz\/militaerbevoelkerungsschutz.jsp\" target=\"_blank\">AG: Abteilung Milit\u00e4r und Bev\u00f6lkerungsschutz<\/a><\/span><\/p>\n<p><span style=\"color: #0066cc;\"><a href=\"http:\/\/www.ai.ch\/de\/verwaltung\/aemter\/?amt_id=29\" target=\"_blank\">AI: Amt f\u00fcr Zivilschutz<\/a><\/span><\/p>\n<p><span style=\"color: #0066cc;\"><a href=\"http:\/\/www.ai.ch\/de\/verwaltung\/aemter\/?amt_id=27\" target=\"_blank\">AI: Kreiskommando<\/a><\/span><\/p>\n<p><span style=\"color: #0066cc;\"><a href=\"https:\/\/www.ar.ch\/departemente\/departement-sicherheit-und-justiz\/militaer-und-bevoelkerungsschutz\/\" target=\"_blank\">AR: Amt f\u00fcr Milit\u00e4r und Bev\u00f6lkerungsschutz<\/a><\/span><\/p>\n<p><span style=\"color: #0066cc;\"><a href=\"http:\/\/www.pom.be.ch\/pom\/de\/index\/bevoelkerungsschutz-militaer.html#originRequestUrl=www.be.ch\/bsm\" target=\"_blank\">BE: Amt f\u00fcr Bev\u00f6lkerungsschutz und Milit\u00e4r<\/a><\/span><\/p>\n<p><span style=\"color: #0066cc;\"><a href=\"https:\/\/www.baselland.ch\/Militaer-Bevoelkerungsschutz.273825.0.html\" target=\"_blank\">BL: Amt f\u00fcr Milit\u00e4r und Bev\u00f6lkerungsschutz<\/a><\/span><\/p>\n<p><span style=\"color: #0066cc;\"><a href=\"http:\/\/www.jsd.bs.ch\/ueber-das-departement\/bereiche-abteilungen\/rettung.html\" target=\"_blank\">BS: Bereich Rettung<\/a><\/span><\/p>\n<p><span style=\"color: #0066cc;\"><a href=\"http:\/\/www.fr.ch\/dsj\/fr\/pub\/securite\/securite_militaire.htm\" target=\"_blank\">FR: Service de la protection de la population et des affaires militaires<\/a><\/span><\/p>\n<p><span style=\"color: #0066cc;\"><a href=\"http:\/\/www.ge.ch\/ocppam\/\" target=\"_blank\">GE: Office cantonal de la protection de la population et des affaires militaires<\/a><\/span><\/p>\n<p><span style=\"color: #0066cc;\"><a href=\"http:\/\/www.gl.ch\/xml_1\/internet\/de\/application\/d1256\/d39\/d230\/f2300.cfm\" target=\"_blank\">GL: Hauptabteilung Milit\u00e4r und Zivilschutz<\/a><\/span><\/p>\n<p><span style=\"color: #0066cc;\"><a href=\"http:\/\/www.gr.ch\/DE\/institutionen\/verwaltung\/djsg\/amz\/ueberuns\/Seiten\/Willkommen.aspx\" target=\"_blank\">GR: Amt f\u00fcr Milit\u00e4r und Zivilschutz<\/a><\/span><\/p>\n<p><span style=\"color: #0066cc;\"><a href=\"http:\/\/www.jura.ch\/DFJP\/POC\/Protection-de-la-population-et-securite-1.html\" target=\"_blank\">JU: Section de la protection de la population et de la s\u00e9curit\u00e9<\/a><\/span><\/p>\n<p><span style=\"color: #0066cc;\"><a href=\"https:\/\/mzj.lu.ch\/\" target=\"_blank\">LU: Dienststelle f\u00fcr Milit\u00e4r, Zivilschutz und Justizvollzug<\/a><\/span><\/p>\n<p><span style=\"color: #0066cc;\"><a href=\"http:\/\/www.ne.ch\/autorites\/DJSC\/SSCM\/Pages\/accueil.aspx\" target=\"_blank\">NE: Service de la s\u00e9curit\u00e9 civile et militaire<\/a><\/span><\/p>\n<p><span style=\"color: #0066cc;\"><a href=\"http:\/\/www.nw.ch\/de\/verwaltung\/aemter\/?amt_id=624\" target=\"_blank\">NW: Amt f\u00fcr Milit\u00e4r und Bev\u00f6lkerungsschutz<\/a><\/span><\/p>\n<p><span style=\"color: #0066cc;\"><a href=\"http:\/\/www.ow.ch\/de\/verwaltung\/aemter\/?amt_id=236\" target=\"_blank\">OW: Amt f\u00fcr Milit\u00e4r und Bev\u00f6lkerungsschutz<\/a><\/span><\/p>\n<p><span style=\"color: #0066cc;\"><a href=\"http:\/\/www.sg.ch\/home\/sicherheit\/militaer_und_zivilschutz.html\" target=\"_blank\">SG: Amt f\u00fcr Milit\u00e4r und Zivilschutz<\/a><\/span><\/p>\n<p><span style=\"color: #0066cc;\"><a href=\"http:\/\/www.shpol.ch\/Bevoelkerungsschutz-und-Armee.10162.0.html\" target=\"_blank\">SH: Abteilung Bev\u00f6lkerungsschutz und Armee<\/a><\/span><\/p>\n<p><span style=\"color: #0066cc;\"><a href=\"https:\/\/www.so.ch\/verwaltung\/volkswirtschaftsdepartement\/amt-fuer-militaer-und-bevoelkerungsschutz\/\" target=\"_blank\">SO: Amt f\u00fcr Milit\u00e4r und Bev\u00f6lkerungsschutz<\/a><\/span><\/p>\n<p><span style=\"color: #0066cc;\"><a href=\"http:\/\/www.sz.ch\/xml_1\/internet\/de\/application\/d999\/d998\/d25476\/d25495\/p1077.cfm\" target=\"_blank\">SZ: Amt f\u00fcr Milit\u00e4r, Feuer- und Zivilschutz<\/a><\/span><\/p>\n<p><span style=\"color: #0066cc;\"><a href=\"http:\/\/www.aba.tg.ch\/xml_20\/internet\/de\/intro.cfm\" target=\"_blank\">TG: Amt f\u00fcr Bev\u00f6lkerungsschutz und Armee<\/a><\/span><\/p>\n<p><span style=\"color: #0066cc;\"><a href=\"http:\/\/www4.ti.ch\/di\/smpp\/sezione\/\" target=\"_blank\">TI: Sezione dell militare e della protezione della popolazione<\/a><\/span><\/p>\n<p><span style=\"color: #0066cc;\"><a href=\"http:\/\/www.ur.ch\/de\/verwaltung\/verwaltungorg\/?amt_id=850\" target=\"_blank\">UR: Amt f\u00fcr Bev\u00f6lkerungsschutz und Milit\u00e4r<\/a><\/span><\/p>\n<p><span style=\"color: #0066cc;\"><a href=\"http:\/\/www.vd.ch\/autorites\/departements\/dis\/securite-civile-et-militaire\/\" target=\"_blank\">VD: Service de la s\u00e9curit\u00e9 civile et militaire<\/a><\/span><\/p>\n<p><span style=\"color: #0066cc;\"><a href=\"https:\/\/www.vs.ch\/Navig\/servicedeps.asp?SID=51\" target=\"_blank\">VS: Departement f\u00fcr Bildung und Sicherheit<\/a><\/span><\/p>\n<p><span style=\"color: #0066cc;\"><a href=\"https:\/\/www.zg.ch\/behoerden\/sicherheitsdirektion\/amt-fur-zivilschutz-und-militar\" target=\"_blank\">ZG: Amt f\u00fcr Zivilschutz und Milit\u00e4r<\/a><\/span><\/p>\n<p><span style=\"color: #0066cc;\"><a href=\"http:\/\/www.amz.zh.ch\/internet\/sicherheitsdirektion\/amz\/de\/home.html\" target=\"_blank\">ZH: Amt f\u00fcr Milit\u00e4r und Zivilschutz<\/a><\/span><\/p>\n<p><strong>Principaut\u00e9 du\u00a0Liechtenstein<\/strong><\/p>\n<p><span style=\"color: #0066cc;\"><a href=\"http:\/\/www.llv.li\/#\/12140\/amt-fur-bevolkerungsschutz\">FL: Amt f\u00fcr Bev\u00f6lkerungsschutz<\/a><\/span><\/p>\n<p>&nbsp;<\/p>\n","protected":false},"excerpt":{"rendered":"<p>Association Suisse des Commandants d&rsquo;arrondissements militaires http:\/\/www.kreiskommandant.ch\/fr &nbsp; Services cantonaux des affaires militaires de la protection de la Population et de la protection civile AG: Abteilung Milit\u00e4r und Bev\u00f6lkerungsschutz AI: Amt f\u00fcr Zivilschutz AI: Kreiskommando AR: Amt f\u00fcr Milit\u00e4r und Bev\u00f6lkerungsschutz BE: Amt f\u00fcr Bev\u00f6lkerungsschutz und Milit\u00e4r BL: Amt f\u00fcr Milit\u00e4r und Bev\u00f6lkerungsschutz BS: Bereich [&hellip;]<\/p>\n","protected":false},"author":3,"featured_media":0,"parent":663,"menu_order":0,"comment_status":"open","ping_status":"open","template":"","meta":{"footnotes":""},"class_list":["post-605","page","type-page","status-publish","hentry"],"_links":{"self":[{"href":"https:\/\/tst.rkmzf.ch\/fr\/wp-json\/wp\/v2\/pages\/605","targetHints":{"allow":["GET"]}}],"collection":[{"href":"https:\/\/tst.rkmzf.ch\/fr\/wp-json\/wp\/v2\/pages"}],"about":[{"href":"https:\/\/tst.rkmzf.ch\/fr\/wp-json\/wp\/v2\/types\/page"}],"author":[{"embeddable":true,"href":"https:\/\/tst.rkmzf.ch\/fr\/wp-json\/wp\/v2\/users\/3"}],"replies":[{"embeddable":true,"href":"https:\/\/tst.rkmzf.ch\/fr\/wp-json\/wp\/v2\/comments?post=605"}],"version-history":[{"count":6,"href":"https:\/\/tst.rkmzf.ch\/fr\/wp-json\/wp\/v2\/pages\/605\/revisions"}],"predecessor-version":[{"id":705,"href":"https:\/\/tst.rkmzf.ch\/fr\/wp-json\/wp\/v2\/pages\/605\/revisions\/705"}],"up":[{"embeddable":true,"href":"https:\/\/tst.rkmzf.ch\/fr\/wp-json\/wp\/v2\/pages\/663"}],"wp:attachment":[{"href":"https:\/\/tst.rkmzf.ch\/fr\/wp-json\/wp\/v2\/media?parent=605"}],"curies":[{"name":"wp","href":"https:\/\/api.w.org\/{rel}","templated":true}]}}