{"id":652,"date":"2017-10-02T13:56:16","date_gmt":"2017-10-02T11:56:16","guid":{"rendered":"https:\/\/tst.rkmzf.ch\/fr\/?page_id=652"},"modified":"2017-10-30T10:45:42","modified_gmt":"2017-10-30T09:45:42","slug":"rk-mzf","status":"publish","type":"page","link":"https:\/\/tst.rkmzf.ch\/fr\/rk-mzf\/","title":{"rendered":"CG MPS"},"content":{"rendered":"<p>La Conf\u00e9rence gouvernementale des affaires militaires, de la protection civile et des sapeurs-pompiers (CG MPS) r\u00e9unit les conseill\u00e8res et les conseillers d&rsquo;Etat comp\u00e9tents, dans les cantons, pour les affaires militaires, la protection de la population et les sapeurs-pompiers. Elle coordonne et traite des questions de nature politique, organisationnelle, technique et financi\u00e8re qui sont de l\u2019int\u00e9r\u00eat commun des cantons et de la Principaut\u00e9 du Liechtenstein, dans l&rsquo;accomplissement des t\u00e2ches publiques concernant les affaires militaires, la protection de la population et les sapeurs-pompiers.<\/p>\n<p>La CG MPS promeut la collaboration intercantonale et avec la Conf\u00e9d\u00e9ration dans les domaines des affaires militaires, de la protection civile et des sapeurs-pompiers, et elle soutient tous les efforts de consolidation de ces domaines de la politique de s\u00e9curit\u00e9 aupr\u00e8s de la population.<\/p>\n<p>Les Conf\u00e9rences suivantes sont rattach\u00e9es \u00e0 la CG MPS pour lui apporter un soutien:<\/p>\n<ul>\n<li>la Conf\u00e9rence des responsables cantonaux des affaires militaires, de la protection de la population et de la protection civile (CRMPPCi), y compris l\u2019Association des commandants d&rsquo;arrondissements et la Soci\u00e9t\u00e9 des administrations cantonales de la taxe d\u2019exemption de l\u2019obligation de servir<\/li>\n<li>la Coordination suisse des sapeurs-pompiers (CSSP), y compris la Conf\u00e9rence des instances (CI CSSP) et la Conf\u00e9rence suisse des inspecteurs sapeurs-pompiers (CSISP).<\/li>\n<\/ul>\n","protected":false},"excerpt":{"rendered":"<p>La Conf\u00e9rence gouvernementale des affaires militaires, de la protection civile et des sapeurs-pompiers (CG MPS) r\u00e9unit les conseill\u00e8res et les conseillers d&rsquo;Etat comp\u00e9tents, dans les cantons, pour les affaires militaires, la protection de la population et les sapeurs-pompiers. Elle coordonne et traite des questions de nature politique, organisationnelle, technique et financi\u00e8re qui sont de l\u2019int\u00e9r\u00eat [&hellip;]<\/p>\n","protected":false},"author":42,"featured_media":0,"parent":0,"menu_order":0,"comment_status":"open","ping_status":"open","template":"","meta":{"footnotes":""},"class_list":["post-652","page","type-page","status-publish","hentry"],"_links":{"self":[{"href":"https:\/\/tst.rkmzf.ch\/fr\/wp-json\/wp\/v2\/pages\/652","targetHints":{"allow":["GET"]}}],"collection":[{"href":"https:\/\/tst.rkmzf.ch\/fr\/wp-json\/wp\/v2\/pages"}],"about":[{"href":"https:\/\/tst.rkmzf.ch\/fr\/wp-json\/wp\/v2\/types\/page"}],"author":[{"embeddable":true,"href":"https:\/\/tst.rkmzf.ch\/fr\/wp-json\/wp\/v2\/users\/42"}],"replies":[{"embeddable":true,"href":"https:\/\/tst.rkmzf.ch\/fr\/wp-json\/wp\/v2\/comments?post=652"}],"version-history":[{"count":3,"href":"https:\/\/tst.rkmzf.ch\/fr\/wp-json\/wp\/v2\/pages\/652\/revisions"}],"predecessor-version":[{"id":749,"href":"https:\/\/tst.rkmzf.ch\/fr\/wp-json\/wp\/v2\/pages\/652\/revisions\/749"}],"wp:attachment":[{"href":"https:\/\/tst.rkmzf.ch\/fr\/wp-json\/wp\/v2\/media?parent=652"}],"curies":[{"name":"wp","href":"https:\/\/api.w.org\/{rel}","templated":true}]}}