{"id":668,"date":"2017-10-02T14:05:25","date_gmt":"2017-10-02T12:05:25","guid":{"rendered":"https:\/\/tst.rkmzf.ch\/fr\/?page_id=668"},"modified":"2022-04-19T10:46:03","modified_gmt":"2022-04-19T08:46:03","slug":"confederation","status":"publish","type":"page","link":"https:\/\/tst.rkmzf.ch\/fr\/liens-interntet\/confederation\/","title":{"rendered":"Conf\u00e9d\u00e9ration"},"content":{"rendered":"<p><span style=\"color: #0066cc;\"><a href=\"http:\/\/ww.vbs.admin.ch\">Eidgen\u00f6ssisches Departement f\u00fcr Verteidigung, Bev\u00f6lkerungsschutz und Sport VBS<\/a><\/span><\/p>\n<p><span style=\"color: #0066cc;\"><a href=\"https:\/\/www.naz.ch\/\" target=\"_blank\" rel=\"noopener\">Nationale Alarmzentrale<\/a><\/span><\/p>\n<p><span style=\"color: #0066cc;\"><a href=\"http:\/\/www.labor-spiez.ch\/\" target=\"_blank\" rel=\"noopener\">Labor Spiez<\/a><\/span><\/p>\n<p><span style=\"color: #0066cc;\"><a href=\"http:\/\/www.vtg.admin.ch\/\" target=\"_blank\" rel=\"noopener\">Schweizer Armee<\/a><\/span><\/p>\n<p><span style=\"color: #0066cc;\"><a href=\"http:\/\/www.bevoelkerungsschutz.admin.ch\/\" target=\"_blank\" rel=\"noopener\">Bundesamt f\u00fcr Bev\u00f6lkerungsschutz BABS<\/a><\/span><\/p>\n<p><span style=\"color: #0066cc;\"><a href=\"http:\/\/www.bafu.admin.ch\/index.html?lang=de\" target=\"_blank\" rel=\"noopener\">Bundesamt f\u00fcr Umwelt BAFU<\/a><\/span><\/p>\n<p><span style=\"color: #0066cc;\"><a href=\"http:\/\/www.ejpd.admin.ch\/ejpd\/de\/home.html\">Eidg Justiz- und Polizeidepartement<\/a><\/span><\/p>\n<p><span style=\"color: #0066cc;\"><a href=\"https:\/\/www.naz.ch\/de\/naz\/eo.html\">Bundesstab ABCN<\/a><\/span><\/p>\n<p><span style=\"color: #0066cc;\"><a href=\"http:\/\/www.energieschweiz.ch\/de-ch\/home.aspx\">Bundesamt f\u00fcr Energie<\/a><\/span><\/p>\n<p><span style=\"color: #0066cc;\"><a href=\"http:\/\/www.blw.admin.ch\/\">Bundesamt f\u00fcr Landwirtschaft<\/a><\/span><\/p>\n<p><span style=\"color: #0066cc;\"><a href=\"http:\/\/www.blv.admin.ch\/\">Bundesamt f\u00fcr Lebensmittelsicherheit und Veterin\u00e4rwesen<\/a><\/span><\/p>\n<p><span style=\"color: #0066cc;\"><a href=\"http:\/\/www.meteoschweiz.admin.ch\/home.html?tab=overview\">MeteoSchweiz<\/a><\/span><\/p>\n<p><span style=\"color: #0066cc;\"><a href=\"http:\/\/www.ezv.admin.ch\/\">Eidg Zollverwaltung<\/a><\/span><\/p>\n<p><span style=\"color: #0066cc;\"><a href=\"http:\/\/www.bwl.admin.ch\/index.html?lang=de\">Bundesamt f\u00fcr wirtschaftliche Landesversorgung<\/a><\/span><\/p>\n<p><span style=\"color: #0066cc;\"><a href=\"http:\/\/www.ensi.ch\/de\/\">Eidg Nukleasicherheitsinspektorat<\/a><\/span><\/p>\n","protected":false},"excerpt":{"rendered":"<p>Eidgen\u00f6ssisches Departement f\u00fcr Verteidigung, Bev\u00f6lkerungsschutz und Sport VBS Nationale Alarmzentrale Labor Spiez Schweizer Armee Bundesamt f\u00fcr Bev\u00f6lkerungsschutz BABS Bundesamt f\u00fcr Umwelt BAFU Eidg Justiz- und Polizeidepartement Bundesstab ABCN Bundesamt f\u00fcr Energie Bundesamt f\u00fcr Landwirtschaft Bundesamt f\u00fcr Lebensmittelsicherheit und Veterin\u00e4rwesen MeteoSchweiz Eidg Zollverwaltung Bundesamt f\u00fcr wirtschaftliche Landesversorgung Eidg Nukleasicherheitsinspektorat<\/p>\n","protected":false},"author":42,"featured_media":0,"parent":663,"menu_order":0,"comment_status":"open","ping_status":"open","template":"","meta":{"footnotes":""},"class_list":["post-668","page","type-page","status-publish","hentry"],"_links":{"self":[{"href":"https:\/\/tst.rkmzf.ch\/fr\/wp-json\/wp\/v2\/pages\/668","targetHints":{"allow":["GET"]}}],"collection":[{"href":"https:\/\/tst.rkmzf.ch\/fr\/wp-json\/wp\/v2\/pages"}],"about":[{"href":"https:\/\/tst.rkmzf.ch\/fr\/wp-json\/wp\/v2\/types\/page"}],"author":[{"embeddable":true,"href":"https:\/\/tst.rkmzf.ch\/fr\/wp-json\/wp\/v2\/users\/42"}],"replies":[{"embeddable":true,"href":"https:\/\/tst.rkmzf.ch\/fr\/wp-json\/wp\/v2\/comments?post=668"}],"version-history":[{"count":9,"href":"https:\/\/tst.rkmzf.ch\/fr\/wp-json\/wp\/v2\/pages\/668\/revisions"}],"predecessor-version":[{"id":2004,"href":"https:\/\/tst.rkmzf.ch\/fr\/wp-json\/wp\/v2\/pages\/668\/revisions\/2004"}],"up":[{"embeddable":true,"href":"https:\/\/tst.rkmzf.ch\/fr\/wp-json\/wp\/v2\/pages\/663"}],"wp:attachment":[{"href":"https:\/\/tst.rkmzf.ch\/fr\/wp-json\/wp\/v2\/media?parent=668"}],"curies":[{"name":"wp","href":"https:\/\/api.w.org\/{rel}","templated":true}]}}