{"id":672,"date":"2017-10-02T14:06:57","date_gmt":"2017-10-02T12:06:57","guid":{"rendered":"https:\/\/tst.rkmzf.ch\/fr\/?page_id=672"},"modified":"2017-10-02T14:36:56","modified_gmt":"2017-10-02T12:36:56","slug":"conferance","status":"publish","type":"page","link":"https:\/\/tst.rkmzf.ch\/fr\/liens-interntet\/conferance\/","title":{"rendered":"Conf\u00e9rences"},"content":{"rendered":"<p style=\"text-align: left;\"><a href=\"http:\/\/www.kkjpd.ch\" target=\"_blank\"><span style=\"color: #0066cc;\">Konferenz der Justiz- und Polizeidirektoren KKJPD<\/span><\/a><\/p>\n<p style=\"text-align: left;\"><a href=\"http:\/\/www.kdk.ch\" target=\"_blank\"><span style=\"color: #0066cc;\">Konferenz der Kantonsregierungen KdK<\/span><\/a><\/p>\n<p style=\"text-align: left;\"><span style=\"color: #000000;\"><a style=\"color: #000000;\" href=\"http:\/\/www.bpuk.ch\/\" target=\"_blank\">Bau-, Planungs- und Umweltdirektorenkonferenz<\/a><\/span><\/p>\n<p style=\"text-align: left;\"><span style=\"color: #000000;\"><a style=\"color: #000000;\" href=\"http:\/\/www.kaz-zivilstandswesen.ch\/\" target=\"_blank\">Konferenz der Aufsichtsbeh\u00f6rden im Zivilstandsdienst<\/a><\/span><\/p>\n<p style=\"text-align: left;\"><span style=\"color: #000000;\"><a style=\"color: #000000;\" href=\"http:\/\/www.koev.ch\/de\/Startseite.aspx\" target=\"_blank\">Konferenz der kantonalen Direktoren des \u00f6ffentlichen Verkehrs<\/a><\/span><\/p>\n<p style=\"text-align: left;\"><span style=\"color: #000000;\"><a style=\"color: #000000;\" href=\"http:\/\/www.fdk-cdf.ch\/\" target=\"_blank\">Konferenz der kantonalen Finanzdirektorinnen und \u2013direktoren<\/a><\/span><\/p>\n<p style=\"text-align: left;\"><span style=\"color: #000000;\"><a style=\"color: #000000;\" href=\"http:\/\/www.kkpks.ch\/\" target=\"_blank\">Konferenz der kantonalen Polizeikommandanten der Schweiz<\/a><\/span><\/p>\n<p style=\"text-align: left;\"><span style=\"color: #000000;\"><a style=\"color: #000000;\" href=\"http:\/\/www.sodk.ch\/\" target=\"_blank\">Konferenz der kantonalen Sozialdirektorinnen und Sozialdirektoren<\/a><\/span><\/p>\n<p style=\"text-align: left;\"><span style=\"color: #000000;\"><a style=\"color: #000000;\" href=\"http:\/\/www.aba.tg.ch\/xml_20\/internet\/de\/application\/d14636\/f14639.cfm\" target=\"_blank\">Konferenz der kantonalen Verantwortlichen f\u00fcr Milit\u00e4r- Bev\u00f6lkerungsschutz und Zivilschutz<\/a><\/span><\/p>\n<p style=\"text-align: left;\"><span style=\"color: #000000;\"><a style=\"color: #000000;\" href=\"http:\/\/www.kokes.ch\/de\/willkommen.php\" target=\"_blank\">Konferenz der Kantone f\u00fcr Kindes- und Erwachsenenschutz<\/a><\/span><\/p>\n<p style=\"text-align: left;\"><span style=\"color: #000000;\"><a style=\"color: #000000;\" href=\"http:\/\/www.kssd.ch\/de\/Info\/Uber_die_KSSD\" target=\"_blank\">Konferenz der st\u00e4dtischen Sicherheitsdirektorinnen und \u2013direktoren<\/a><\/span><\/p>\n<p style=\"text-align: left;\"><span style=\"color: #000000;\"><a style=\"color: #000000;\" href=\"http:\/\/www.endk.ch\/de\/\" target=\"_blank\">Konferenz kantonaler Energiedirektoren<\/a><\/span><\/p>\n<p style=\"text-align: left;\"><span style=\"color: #000000;\"><a style=\"color: #000000;\" href=\"http:\/\/www.vdk.ch\/de\/\" target=\"_blank\">Konferenz Kantonaler Volkswirtschaftsdirektoren<\/a><\/span><\/p>\n<p style=\"text-align: left;\"><span style=\"color: #000000;\"><a style=\"color: #000000;\" href=\"http:\/\/www.edk.ch\/dyn\/11910.php\" target=\"_blank\">Schweizerische Konferenz der kantonalen Erziehungsdirektoren<\/a><\/span><\/p>\n<p style=\"text-align: left;\"><span style=\"color: #000000;\"><a style=\"color: #000000;\" href=\"http:\/\/www.gdk-cds.ch\/\" target=\"_blank\">Schweizerische Konferenz der kantonalen Gesundheitsdirektorinnen und \u2013direktoren<\/a><\/span><\/p>\n","protected":false},"excerpt":{"rendered":"<p>Konferenz der Justiz- und Polizeidirektoren KKJPD Konferenz der Kantonsregierungen KdK Bau-, Planungs- und Umweltdirektorenkonferenz Konferenz der Aufsichtsbeh\u00f6rden im Zivilstandsdienst Konferenz der kantonalen Direktoren des \u00f6ffentlichen Verkehrs Konferenz der kantonalen Finanzdirektorinnen und \u2013direktoren Konferenz der kantonalen Polizeikommandanten der Schweiz Konferenz der kantonalen Sozialdirektorinnen und Sozialdirektoren Konferenz der kantonalen Verantwortlichen f\u00fcr Milit\u00e4r- Bev\u00f6lkerungsschutz und Zivilschutz Konferenz der [&hellip;]<\/p>\n","protected":false},"author":42,"featured_media":0,"parent":663,"menu_order":0,"comment_status":"open","ping_status":"open","template":"","meta":{"footnotes":""},"class_list":["post-672","page","type-page","status-publish","hentry"],"_links":{"self":[{"href":"https:\/\/tst.rkmzf.ch\/fr\/wp-json\/wp\/v2\/pages\/672","targetHints":{"allow":["GET"]}}],"collection":[{"href":"https:\/\/tst.rkmzf.ch\/fr\/wp-json\/wp\/v2\/pages"}],"about":[{"href":"https:\/\/tst.rkmzf.ch\/fr\/wp-json\/wp\/v2\/types\/page"}],"author":[{"embeddable":true,"href":"https:\/\/tst.rkmzf.ch\/fr\/wp-json\/wp\/v2\/users\/42"}],"replies":[{"embeddable":true,"href":"https:\/\/tst.rkmzf.ch\/fr\/wp-json\/wp\/v2\/comments?post=672"}],"version-history":[{"count":8,"href":"https:\/\/tst.rkmzf.ch\/fr\/wp-json\/wp\/v2\/pages\/672\/revisions"}],"predecessor-version":[{"id":698,"href":"https:\/\/tst.rkmzf.ch\/fr\/wp-json\/wp\/v2\/pages\/672\/revisions\/698"}],"up":[{"embeddable":true,"href":"https:\/\/tst.rkmzf.ch\/fr\/wp-json\/wp\/v2\/pages\/663"}],"wp:attachment":[{"href":"https:\/\/tst.rkmzf.ch\/fr\/wp-json\/wp\/v2\/media?parent=672"}],"curies":[{"name":"wp","href":"https:\/\/api.w.org\/{rel}","templated":true}]}}